{"id":716,"date":"2013-09-27T19:56:51","date_gmt":"2013-09-27T17:56:51","guid":{"rendered":"http:\/\/www.wijkplatformsvelsen.nl\/ijmuiden-noord\/?page_id=716"},"modified":"2013-09-27T19:56:51","modified_gmt":"2013-09-27T17:56:51","slug":"notulen-4-september-2013","status":"publish","type":"page","link":"https:\/\/www.wijkplatformsvelsen.nl\/ijmuiden-noord\/notulen-4-september-2013\/","title":{"rendered":"Notulen 4 september 2013"},"content":{"rendered":"<h2>Notulen Wijkplatform IJmuiden-Noord en -Zuid d.d. 4 sept. 2013<\/h2>\n<p><b>Aanwezig namens Wijkplatform<\/b><\/p>\n<p>De heer J. (Johan) Zwakman (vztr.\/secr.)<br \/>\nDe heer G. (Gerard) Wessel (plv. vztr.)<br \/>\nDe heer N. (Nico) van Nijendaal<br \/>\nMevr. J. Kiekenbos-Meijns (IJm-Zuid)<br \/>\nDe heer F. (Fred) Tromp (IJm-Zuid)<br \/>\nDe heer P. (Piet) Schouten<br \/>\nDe heer A. (Adrie) van Riet<br \/>\nDe heer J. (John) van Opijnen (penn.meester)<br \/>\nMevr. J. (Joke) Sieraad (notulen)<br \/>\nMevr. E (Enik\u00f6) Kardkov\u00e2es \u2013 Rijnstraat (IJm-Zuid)<br \/>\nMevr. S. Bruining (IJm-Zuid)<br \/>\n<b><br \/>\nAanwezig voor inloopspreekuur bewoners \/ overig<br \/>\n<\/b>Mevr. Suleika van Holland (Sichting Welzijn Velsen)<\/p>\n<p><b>Aanwezig vanuit politiek<br \/>\n<\/b>Mevr. D. (Dicky) Sintenie<br \/>\nDe heer L. (Leo) Kwant<\/p>\n<p><b>Afwezig\/Afgemeld<br \/>\n<\/b>De heer Jan Bulters<br \/>\nDe heer P. (Piet) Dekker<br \/>\nDe heer J. (Jan) van den Bos<br \/>\nDe heer B (Bastiaan) Aalders (IJm-Zuid)<br \/>\nDe heer E (Emiel) Webbe (IJm-Zuid)<b><br \/>\n<\/b>De heer F. (Frans) de Filder (IJm-Zuid)<br \/>\nMevr. S. (Simone) Bontebal (organisator schoonmaken strand e.d.)<br \/>\nMevr. G. Bauritius (IJm-Zuid)<br \/>\nDe heer K. (Koos) van der Burg<br \/>\nDe heer A. (Arjen) Verkaik (wijkwethouder)<br \/>\nMevr. P.J. (Pauline) van Bodegraven<br \/>\nDe heer T. (Tom) Kruisman<br \/>\nDe heer H. (Hans) Hendriks (IJm-Zuid)<br \/>\nDe heer D. (Dirk) Weidema<br \/>\nDe heer W. (Wim) Geels (IJm-Zuid)<br \/>\nMevrouw M. (Mariska) Engels<br \/>\nMevrouw E. (Esther) Otter<br \/>\nDe heer W. (Walther) Swarte<br \/>\nMevrouw G. (Greanca) Wessel<br \/>\nMevrouw H (H\u00fclya) Kat<br \/>\nDe heer P. (Piet) van Deudekom<br \/>\nDe heer P.J. (Pieter-Jan) Lubbers<br \/>\nDe heer D. (Daan) Ouwehand<br \/>\n<b><br \/>\nAGENDA<\/b><\/p>\n<ol>\n<li><strong>Opening<\/strong><\/li>\n<li><strong>Vaststellen agenda en inloop<\/strong><\/li>\n<li><strong>Buurtbemiddeling<\/strong><\/li>\n<li><strong>Mededelingen en ingekomen post<\/strong><\/li>\n<li><strong>Notulen vergadering 19 juni 2013<\/strong><\/li>\n<li><strong>Spreekuur ipv wijkschouw<\/strong><\/li>\n<li><strong>Winkelcentrum en Fun Village<\/strong><\/li>\n<li><strong>Voortgang klankbordgroepen<\/strong><\/li>\n<li><strong>Wijkteamvergadering 8 okt.<\/strong><\/li>\n<li><strong>Rondvraag<\/strong><\/li>\n<li><strong>Sluiting<\/strong><\/li>\n<\/ol>\n<p><b>1.\u00a0\u00a0\u00a0\u00a0\u00a0\u00a0 <\/b><b><span style=\"text-decoration: underline\">Opening <\/span><\/b><\/p>\n<p>Zwakman opent de vergadering. Hij meldt dat Weidema een hartaanval gehad heeft. Hij heeft een kaart naar hem toegestuurd namens het wpf.<\/p>\n<p><b>2.\u00a0\u00a0\u00a0\u00a0\u00a0\u00a0 <\/b><b><span style=\"text-decoration: underline\">Vaststellen agenda en inloop<\/span><\/b><\/p>\n<p>Zwakman wil nog het onderwerp HOV toevoegen. Hij stelt voor dit bij het laatste punt van agendapunt 7 te doen. Er zijn geen punten voor de inloop.<\/p>\n<p><b>3.\u00a0\u00a0\u00a0\u00a0\u00a0\u00a0 <\/b><b><span style=\"text-decoration: underline\">Buurtbemiddeling<\/span><\/b><\/p>\n<p>Suleika van Holland is bij Stichting Welzijn Velsen (SWV) co\u00f6rdinator buurtbemiddeling. Buurtbemiddeling is een voorziening die al 5 jaar operationeel is en valt onder Stichting Welzijn Velsen. De voorziening bestaat uit ca. 20 vrijwilligers die opgeleid zijn als bemiddelaar. Er wordt samengewerkt met Politie en Woningcorporaties. Iedereen uit Velsen kan een klacht rechtstreeks bij buurtbemiddeling indienen. Bij klachten kun je denken aan geluidsoverlast, pesten, fout neerzetten auto en dergelijke.<br \/>\nEr wordt binnen 5 dagen gereageerd op een klacht. Van Holland zal eerst een aantal vragen stellen om te kijken welke twee bemiddelaars het beste ingeschakeld kunnen worden. Bemiddelaars hebben een neutrale rol en maken een afspraak op neutraal terrein. Binnen de afgesproken richtlijnen wordt gekeken naar het gezamenlijk belang van beide partijen en er wordt gestreefd naar een goed einde en succesvolle oplossing. Tweederde van de in totaal 60-70 meldingen per jaar slagen. Er wordt ook gezorgd voor nazorg.<br \/>\nAls er een bedreigende situatie ontstaat wordt de politie of een anderen hulpverleningsinstantie ingeschakeld. Bij moeilijke gevallen wordt het noodteam ingeschakeld.<br \/>\nBuurtbemiddeling is te vinden via de website <a href=\"http:\/\/www.buurtbemiddelingvelsen.nl\/\" target=\"_blank\">http:\/\/www.buurtbemiddelingvelsen.nl\/<\/a>.<\/p>\n<p><b>4.\u00a0\u00a0\u00a0\u00a0\u00a0\u00a0 <\/b><b><span style=\"text-decoration: underline\">Mededelingen en ingekomen post<\/span><\/b><\/p>\n<ul>\n<li>Informatieavond luchtkwaliteit\u00a025 juni 2013<br \/>\nZwakman is naar de informatieavond luchtkwaliteit in Beverwijk geweest. Er zijn diverse presentaties gehouden. Zo heeft milieugedeputeerde Treed Talsma gezegd dat hij veel waarde hecht aan een goed milieu. In dit licht wil hij bijvoorbeeld dat er een extra meetpunt in Wijk aan Zee komt, want hij wil feiten hebben over het milieu in onze omgeving. Alleen dan kan hij een vuist maken in Den Haag. Voor het verslag van deze avond verwijst Zwakman naar de website van de Milieudienst IJmond (klik <a href=\"http:\/\/www.milieudienst-ijmond.nl\/inwoners\/luchtkwaliteit_in_de\/25-juni-2013\/\" target=\"_blank\">hier<\/a>).<\/li>\n<li>Monumentale bomen en meer\u00a0laanbomen<br \/>\nOp 17 jan. 2013 hebben we een zienswijze ingediend over het nieuwe bomenkap beleid. In principe mag voortaan elke boom zonder vergunning gekapt worden tenzij de boom op de lijst van waardevolle of monumentale bomen voorkomt. In onze ingediende zienswijze hebben we aangegeven dat we bomen misten op deze lijst. Zwakman heeft afgelopen zomer een uitnodiging gekregen om de lijst met een deskundige na te lopen. Dit heeft geen aanpassing van de lijst opgeleverd, maar wel is duidelijk geworden waarom de door ons genoemde bomen niet op de lijst staan. Sommige bomen zijn ziek (kastanjes), andere bomen zijn nog te jong.<br \/>\nBomen zijn waardevol voor een woonomgeving. Ze zijn ook kostbaar. Een boom wordt alleen gekapt als hij een gevaar voor de omgeving vormt, dood is of als er anderszins een dringende noodzaak is, dus we hoeven niet direct bang te zijn dat er opeens massaal bomen gekapt gaan worden. Een zieke kastanjeboom, die nog 10 jaar meekan, zal dus niet gekapt worden. De gemeente heeft toegezegd dat omwonenden altijd op de hoogte gesteld zullen worden als er een boom gekapt gaat worden.<br \/>\nWe hebben op 2 augustus 2013 de nota &#8220;Wens voor meer laanbomen in IJmuiden-Noord&#8221; ingediend om bomen bij te plaatsen. Zwakman heeft hierop een uitnodiging gekregen van dhr. Geert Crielaard om in de tweede helft van september onze wensenlijst door te nemen en een rondje door IJmuiden te maken en om in zijn woorden &#8220;<i>samen te bekijken wat voor mogelijkheden er zijn om IJmuiden een groener imago te geven en te kijken waar wel, maar waar ook niet de mogelijkheid bestaat straatbomen aan te planten<\/i>&#8220;.We zien wel tot ons verdriet dat er na de aanplant vaak slecht voor de nieuwe bomen gezorgd wordt. Zo zijn er al heel veel bomen langs het Gijzenvelt- en Moerbergplantsoen al weer dood.<\/li>\n<li>Velserkom<br \/>\nZwakman heeft 12 juli, op uitnodiging van Marcel van Dam van de Theo Pouw Groep, een bezoek gebracht aan Velserkom om kennis te komen maken en me te laten zien welke maatregelen er zeer binnenkort genomen gaan worden. Voor de uitkomsten van dat bezoek verwijst Zwakman naar onze eigen website.<\/li>\n<li>Reclame flyer IJmuiden-Zuid<br \/>\nZwakman wil meer bekendheid geven aan het wpf IJmuiden-Zuid. Hij heeft een concept tekst voor een flyer rondgestuurd. Het afdrukken van deze flyer gaat 5 cent per stuk kosten. Probleem is het rondbrengen. Hoe pakken we dit aan? Gaan we het gehele gebied flyeren of gaan we selectief te werk? Wie wil helpen om het rond te brengen?<br \/>\nAls reactie op de tekst wordt gezegd dat deze meer wervend kan.<br \/>\nWe spreken af dat we eerst een persbericht gaan maken. John heeft ervaring met persberichten namens Forteiland. Zondag is ook het meest geschikte moment om een persbericht te versturen. John, Nico en Fred komen met een voorzet. Niet langer dan 400 woorden.<\/li>\n<li>Golfbreker gaat niet door<br \/>\nHet Woningbedrijf heeft laten weten dat de Golfbreker niet door gaat. Dit is heel teleurstellend.<\/li>\n<li>Training omgaan met\u00a0hangjongeren<br \/>\nZwakman heeft zich aangemeld voor de training. Deze vindt plaats op 9 sept. in het Polderhuis in de Velserbroek. Belangstellenden kunnen zich nog opgeven.<\/li>\n<li>Bestemmingsplan IJmuiden\u00a0Centrum<br \/>\nAlle bestemmingsplannen moeten regelmatig worden herzien zodat ze weer voldoen aan de wetgeving en passen bij deze tijd. Het bestemmingsplan IJmuiden Centrum is globaler opgezet. Nieuwe ontwikkelingen zijn o.a. dat horeca en detailhandel in de Lange Nieuwstraat vrij uitwisselbaar zijn en dat evenementen mogen worden georganiseerd op het Velserduinplein en op Plein 1945. Horeca die mogelijk (\u2018s nachts) tot overlast kan zorgen wordt in de toekomst niet meer mogelijk gemaakt in een woonomgeving.<br \/>\nWanneer de raad het bestemmingplan heeft vastgesteld wordt het plan zes weken ter inzage gelegd. In deze periode hebben de indieners van een zienswijze de mogelijkheid om bij de Raad van State in beroep te gaan.<\/li>\n<\/ul>\n<p><b>5.\u00a0\u00a0\u00a0\u00a0\u00a0\u00a0 <\/b><b><span style=\"text-decoration: underline\">Notulen vergadering 13 maart 2013<\/span><\/b><\/p>\n<p>De notulen worden goedgekeurd.<\/p>\n<p><b>Afsprakenlijst van vorige vergaderingen:<\/b><\/p>\n<ul>\n<li>Zwakman gaat vragen of de\u00a0bewoners van de Zeeweg en Velserduinweg, die uitkijken op het gat van het\u00a0Zeewegziekenhuis, betrokken kunnen worden bij de idee\u00ebn voor de besteding\u00a0van het geld van Synchroon en Zorgbalans. Zie hieronder.<\/li>\n<\/ul>\n<p><b>Naar aanleiding van de vorige notulen<\/b><\/p>\n<ul>\n<li>Bijeenkomst 11 sept. over\u00a0plannen besteding \u20ac 10.000 van Synchroon<br \/>\nAan dit geld is nog \u20ac 5.000 van Zorgbalans toegevoegd en \u20ac 5.000 van de gemeente. Het probleem is dat Synchroon het geld principieel bestemd heeft voor de bewoners van de nieuwbouw. Daarom wil de gemeente gaan andere mensen betrekken. Inmiddels zijn er verschillende idee\u00ebn ingediend. De indieners krijgen op 11 sept. in de Spil de gelegenheid om hun idee te presenteren en te verdedigen.\u00a0 Zwakman en Webbe zullen daarbij aanwezig zijn.<br \/>\nDe volgende idee\u00ebn zijn ingediend:<\/p>\n<ul>\n<li>Natuurvijver maken en in de winter schaatsen (bewoner Zeeweg 166)<\/li>\n<li>Fontein op zonne-energie (Sebastiaan Wijker)<\/li>\n<li>Stadspark met fontein en bankjes \/ kinderboerderij (Radha Jadoenathmisier)<\/li>\n<li>Mooi plein met moderne bankjes en een grote fontein\u00a0 (Bianca van Wijnen)<\/li>\n<li>2 bomen in elke straat van de soort waar de straat naar genoemd is\/ Ontmoetingsplek met bankjes, uitzicht en picknicktafel (Michiel de Jong)<\/li>\n<li>Een bord voor het Pruimenboomplein zodat bezoekers weten waar ze zijn (Inge Key)<\/li>\n<li>Natuurlijke ontmoetingsplek (Maurice Bok)<\/li>\n<li>Padelbaan\/trapveldje\/jeu de boulebaan (Wilhelmina Oostenrijk)<\/li>\n<li>Opknappen speeltuin achter de Tuinderstraat\/ verlichting Fransiscuspad\/ Prullenbakken Pruimenboomplein plus beplanting (Karin Raspoort)<\/li>\n<li>Opknappen rond visstal\/ speeltoestellen hoek Pruimenboomplein\/ buurtbarbeque voor omwoners Pruimenboomplein (Janneke Kiekenbos-Meijns)<\/li>\n<li>Bomen, banken en tafels op plein bij Hoogtij en Laagtij\/ goede parkeervoorziening\/ afvalbakken, kunstwerken en groen (Evert Jan Greven)<\/li>\n<\/ul>\n<\/li>\n<li>Kennemerlaan festival<br \/>\nHet is een fantastisch feest geworden. Mede omdat het weer ook ontzettend goed heeft meegewerkt. Dit is voor herhaling vatbaar.<\/li>\n<li>Voortgang Stadspark<br \/>\nIn het park aan het Gijzenveltplantsoen zijn speeltoestellen voor kinderen geplaatst. Deze worden zeer goed gebruikt. Er is ook een Norwell Outdoor Fitness Park aangelegd met een viertal toestellen. Deze toestellen zijn te vergelijken met toestellen in een fitness centrum. Aan de inrichting van de rest van het park wordt hard gewerkt.<\/li>\n<\/ul>\n<p><b>6.\u00a0\u00a0\u00a0\u00a0\u00a0\u00a0 <\/b><b><span style=\"text-decoration: underline\">Speekuur ipv wijkschouw<\/span><\/b><\/p>\n<p>Zwakman wil op een avond ipv een wijkschouw een eenmalig spreekuur houden. Hij heeft dit al gemeld in het wijkteam en gevraagd aan de secretaresse van Verkaik om een avond te bepalen. Op deze avond moeten in ieder geval wethouder Verkaik, de wijkteamvoorzitter Rooij en de wijkagent Koomen aanwezig zijn.<br \/>\nNiet iedereen is enthousiast. Ze vragen zich ook af of we dan niet een te grote belasting op de agenda van Verkaik leggen. Misschien moeten we het combineren met een vergadering waarop Verkaik toch al komt. Zwakman reageert dat Verkaik maar twee keer per jaar naar een vergadering hoeft te komen. Andere wijkwethouders komen naar praktisch alle vergaderingen. Zwakman zal het specifiek aan Verkaik vragen of hij mee wil werken aan het spreekuur. Hij verwacht ook niet dat we een hele avond bezig zullen zijn. Zwakman zal bij Ina de Vos informeren of zij idee\u00ebn heeft in deze richting.<\/p>\n<p><b>7.\u00a0\u00a0\u00a0\u00a0\u00a0\u00a0 <\/b><b><span style=\"text-decoration: underline\">Winkelcentrum IJmuiden en Fun Village<\/span><\/b><\/p>\n<ul>\n<li>Bijeenkomst winkeliers met Inge\u00a0Niks<br \/>\nOp 3 juli zijn de winkeliers, op uitnodiging van de gemeente en onder supervisie van Inge Niks bij elkaar geweest om de gezamenlijke aandachtspunten te benoemen voor het winkelcentrum Lange Nieuwstraat. Het volgende is naar voren gekomen.<\/li>\n<\/ul>\n<p>Onder het thema &#8216;<b>Visie &amp; strategie lange termijn&#8217;<\/b>:<\/p>\n<ul>\n<li>Meer\u00a0horecamogelijkheden met terrassen in de zon.<\/li>\n<li>Al\u00a0het vastgoed in het plangebied opknappen.<\/li>\n<\/ul>\n<p>Onder het thema &#8216;<b>Herinrichting en uitstraling<\/b>&#8216;:<\/p>\n<ul>\n<li>Verbeteren\u00a0en aanpassen kiosken.<\/li>\n<li>Genoeg\u00a0gelegenheid voor fietsparkeren \/ gratis autoparkeren.<\/li>\n<li>Visserij\u00a0als mogelijk thema voor de inrichting van het openbaar gebied.<\/li>\n<li>Een\u00a0warme sfeer met groene frisse elementen voor de invulling van het openbaar\u00a0gebied.<\/li>\n<li>De\u00a0aanwezige horecagelegenheden moeten de mogelijkheid krijgen voor\u00a0terrassen.<\/li>\n<li>Het\u00a0ontwerp van de gevelaanpassingen moet aansluiten op het ontwerp van de\u00a0openbare ruimte.<\/li>\n<li>Onderzocht\u00a0moet worden of de markt verplaatst kan worden naar de Lange Nieuwstraat.<\/li>\n<\/ul>\n<p>Onder het thema &#8216;<b>Organisatiegraad en promotie&#8217;<\/b>:<\/p>\n<ul>\n<li>Sfeer<\/li>\n<li>Promotie\u00a0&amp; Events<\/li>\n<li>Assortiment<\/li>\n<\/ul>\n<p>Uit alle gesprekken bleek daarnaast ook dat:<br \/>\n1) Het verbeteren van de sfeer van het winkelcentrum het belangrijkste is.<br \/>\n2) Het gratis parkeren een van de sterkste punten van het winkelcentrum is.<br \/>\n3) De vervanging \/ verbetering \/ uitbreiding van de kiosken zeer wenselijk is.<br \/>\n4) De meningen verdeeld zijn over een volledige passage (2-zijdig winkelen) over de gehele Lange Nieuwstraat.<br \/>\n5) Het goed is om jongere ondernemers te stimuleren.<br \/>\nDaarnaast loopt er nog een amendement van de raad waarin gevraagd is om een onderzoek naar dubbelzijdig bewinkeling. Dit ligt bij de projectontwikkelaar. Die is daar al enige tijd mee bezig.<\/p>\n<p>De planning ziet er globaal als volgt uit:<\/p>\n<ul>\n<li>4-de kwartaal 2013 opstellen gezamenlijk ontwerp<\/li>\n<li>Uitvoering 1ste kwartaal 2014, winkelpuien in gemeentelijk bezit. Inrichting openbaar gebied:<\/li>\n<li>In september start de ontwerpgroep van de openbare ruimte waarbij de gemeente, maar ook de<br \/>\nwinkeliers en direct betrokkenen zitting hebben en hun wensen kunnen uiten. Zwakman is daar ook weer bij.<\/li>\n<li>Begin 2014: Inspraakperiode inrichting openbaar gebied.<\/li>\n<li>Inrichting Lange Nieuwstraat<br \/>\nZwakman heeft Kommer Sneeuw gesproken. Er wordt gewerkt aan het ontwerp van de Lange Nieuwstraat. Het blijft een tweebaansweg met insteekhavens voor de bus. Onderdeel van het ontwerp is het kruispunt Lange Nieuwstraat met Zeeweg. Uitgangspunt is verkeerslichten.<\/li>\n<li>Gesprek Zwakman met Inge Niks<br \/>\nZwakman heeft een verslagje (zie <a title=\"Kwaliteitsimpuls winkelcentrum IJmuiden\" href=\"https:\/\/www.wijkplatformsvelsen.nl\/ijmuiden-noord\/kwaliteitsimpuls-winkelcentrum-ijmuiden\/\" target=\"_blank\">hier<\/a>) gemaakt van het gesprek dat een kleine 2 uur geduurd heeft. Hij heeft tijdens het gesprek in grote lijnen de geschiedenis vanaf 2000 geschetst. Zijn conclusie is dat de politiek de oorzaak is van dat het zo lang duurt en we zijn er nog niet. Over een half jaar zijn er verkiezingen en wat gaat er dan weer gebeuren.<br \/>\nNiks heeft haar oog laten vallen op het Velserduinplein. Daar zou aan de noordkant een supermarkt moeten komen. De Hema kan in het pand van voorheen V&amp;D.<\/li>\n<\/ul>\n<p><b>8.\u00a0\u00a0\u00a0\u00a0\u00a0\u00a0 <\/b><b><span style=\"text-decoration: underline\">Voortgang klankbordgroepen<\/span><\/b><\/p>\n<ul>\n<li>Averijhaven\/Zeesluis (Dekker, Zwakman)<br \/>\nDekker kan deelnemer blijven als hij is verhuisd naar Zeewijk. Weidema kan desgewenst lid worden.<br \/>\nDe Raad heeft vastgesteld dat niet meer dan 2 miljoen ton kolen op jaarbasis mag worden gelichterd. Het bestemmingsplan wordt daarop aangepast. Havenbedrijf Amsterdam gaat hier bezwaar tegen aantekenen bij de Raad van State. Dit zal vertraging voor het project betekenen.<\/li>\n<li>Visie Noordzeekanaal 2040 (Bulters, Dekker)<br \/>\nHet is voor Velsen nog geen gelopen koers.<\/li>\n<li>Adviesgroep Gezondheidsmonitor (Bulters, Weidema)<br \/>\nNiet behandeld.<\/li>\n<li>Rotonde Waterloolaan \/ Min. v. Houtenlaan (Aalders)<br \/>\nNiet behandeld.<\/li>\n<li>HOV lijn<br \/>\nVan Nijendaal is via Rover en provinciaal overleg Rocov NH betrokken bij de discussie over de HOV-lijn. Hij meldt dat er nog discussie is over de halteplaatsen: reizigers willen meer haltes. De haltes moeten ook goed aansluiten op het onderliggend busvervoer.<br \/>\nOver de huidige buslijnen zegt Van Nijendaal dat lijn 277 samen met lijn 75 wordt ge\u00efntegreerd in de HOV-lijn. Bus 3 en 74 blijven bestaan als onderliggend net.<br \/>\nDaarna volgt een discussie over het HOV. Hierbij komen de volgend punten steeds terug.<br \/>\n1. <b>De kosten van \u20ac 70 mln<\/b>. Veel mensen vinden dit veel geld en geven aan dat er betere bestedingen te bedenken zijn. We moeten echter bedenken dat als dit geld niet in Velsen besteed wordt, het elders in de provincie besteed gaat worden. Waaraan daar hebben we geen invloed op. Zwakman zegt dat hij blij is dat het geld hier besteed wordt. IJmuiden heeft feitelijk maar twee ontsluitingswegen: via de Stationsweg en via Driehuis. Door deze besteding komt er een derde bij.<br \/>\n2. <b>Het gekozen trace<\/b>. De route over het oude spoor is voor veel mensen omstreden maar eigenlijk de enige mogelijkheid als je een vrij liggende busbaan wilt. Een belangrijke reden voor het aanleggen van de vrij liggende busbaan is dat de bussen in de spits regelmatig vast staan op de Vondellaan\/Hagelingerweg in Driehuis. Er vallen daardoor regelmatig bussen uit.<br \/>\nAls wijkplatform hebben we er in 2008 voor gepleit om de bus door Driehuis te laten rijden en het verkeer over het spoor (zie bijlage: variant 1). Naar we begrepen was daar in Driehuis veel weerstand tegen in verband met geluidsoverlast. Van Nijendaal zegt dat er dan ook geen subsidie was gekomen voor de weg langs Driehuis. Zwakman betwijfelt dat. Hij hoopt overigens dat het licht nog eens doorbreekt en hier op termijn alsnog voor gekozen gaat worden. Uiteindelijk heeft de raad voor de vrij liggende busbaan (variant 2) over het spoor gekozen. Waarbij helaas de verzorgingshuizen en het trein station ver van de dichtstbijzijnde bushalte komen te liggen.<br \/>\nMet betrekking tot het trac\u00e9 is er een wel een punt waar we als wijkplatform niet gelukkig mee zijn. Dat betreft de inrichting van de Troelstraweg. We wilden dat deze weg zo breed zou worden, dat de bussen elkaar kunnen passeren zonder zich op de fietsstrook te begeven. Deze wens is met 30 cm extra onvoldoende door de gemeente gehonoreerd. Ze verwachten geen problemen voor de vele schoolkinderen die gebruik maken van de fietsstroken. Er wordt daarbij verwezen naar een gelijke situatie in de Scheiberglaan in Zeewijk. Daar fietsen echter niet zo veel kinderen!<br \/>\n3. <b>De inspraak<\/b>. Je hoort alom: &#8220;We zijn door de plannen overvallen; we wisten van niets.&#8221; Dan hebben de mensen niet opgelet.<br \/>\nHet verhaal rond de snelle busverbinding is al begin jaren tachtig begonnen met de wel bekende Zuidtangent. Deze zou gaan rijden van IJmuiden strand naar Weesp. Het moest een echte vrij liggende busbaan worden in een betonnen bak dwars door IJmuiden. In de loop der jaren zijn hier veel discussies over geweest. Uiteindelijk heeft men besloten eerst te starten tussen Haarlem en Amsterdam Arena. Met veel succes overigens.<br \/>\nIn 2007 is de discussie in Velsen opnieuw los gebarsten, maar nu onder de noemer HOV. Er is toen een klankbordgroep ingesteld. Hier kon iedereen zich bij aansluiten. In ieder geval wisten alle wijkplatforms ervan (Santpoort-Noord, Driehuis, Velsen-Zuid en Zee- en Duinwijk; IJmuiden-Zuid had toen geen wijkplatform). Volgens de website HOV Velsen zijn er 37 belangengroepen betrokken bij de discussies. We hebben toen ook een inspraakreactie ingestuurd (bijlage). In juni 2008 koos het college van Velsen voor \u00e9\u00e9n van de trac\u00e9s. Op 11 september 2008 stemde de gemeenteraad in met de trac\u00e9keuze. Op 5 oktober 2010 werd de samenwerkingsovereenkomst tussen de provincie en de gemeente ondertekend.<br \/>\n4. <b>Aantal passagiers<\/b>. Er is een prognose gemaakt voor het aantal passagiers. Mede op basis daarvan is de aanleg van de HOV-lijn gerechtvaardigd. Dat wordt door de tegenstanders in twijfel getrokken. Helaas kunnen we niet in de toekomst kijken. De tijd zal leren wie gelijk heeft.Tot slot houdt Zwakman een korte stemming en vraagt wie er voor de HOV-lijn is. Acht mensen steken hun hand op. Op de vraag wie tegen is kwamen geen handen omhoog.<br \/>\nMaandag staat het onderwerp op de agenda bij de provincie. Een aantal tegenstanders van de HOV-lijn zullen daar inspreken.<\/li>\n<li>Herinrichting Lange Nieuwstraat<br \/>\nZwakman heeft dhr. Kommer Sneeuw (afd. Verkeer) kort gesproken. Op dit moment wordt er gewerkt aan de herinrichting van de Lange Nieuwstraat. Uitgangspunt is dat het een belangrijke doorgaande weg blijft met twee rijbanen. Voor de bushaltes komen er insteekhavens. Ook wordt een ontwerp gemaakt voor de kruising van de Lange Nieuwstraat met de Zeeweg. Daar komen in ieder geval verkeerslichten.<\/li>\n<\/ul>\n<p><b>9.\u00a0\u00a0\u00a0\u00a0\u00a0\u00a0 <\/b><b><span style=\"text-decoration: underline\">Wijkteamvergadering 8 okt. 2013<\/span><\/b><\/p>\n<p>Het verslag is rondgestuurd. Hier zijn geen vragen over.<br \/>\nDe volgende vergadering is gepland op 17 september.<\/p>\n<p><b>10.\u00a0\u00a0 <\/b><b><span style=\"text-decoration: underline\">Rondvraag<\/span><\/b><\/p>\n<p><b>11.\u00a0\u00a0 <\/b><b><span style=\"text-decoration: underline\">Sluiting<\/span><\/b><\/p>\n<ul>\n<li>Sieraad: Hangjongeren zitten heel\u00a0weinig op de JOP (jongeren ontmoetingsplaats) naast Beursplein. Ze blijven\u00a0op het Plein 1945 hangen op de banken. Er is een hangplek tegenover het\u00a0zwembad. Dat levert niemand overlast op.<\/li>\n<\/ul>\n<p>Zwakman sluit om 21:45 uur de vergadering.<br \/>\n<b><br \/>\nAfsprakenlijst:<\/b><b><\/b><\/p>\n<ul>\n<li>John,\u00a0Nico en Fred komen met een voorzet voor een persbericht voor het werven\u00a0van deelnemers aan wijkplatform IJmuiden-Zuid<b><\/b><\/li>\n<li>Zwakman\u00a0zal bij Ina de Vos informeren of zij wel eens gedacht heeft aan een\u00a0spreekuur in plaats van een wijkschouw.<b><\/b><\/li>\n<\/ul>\n<p><b>\u00a0<\/b><\/p>\n","protected":false},"excerpt":{"rendered":"<p>Notulen Wijkplatform IJmuiden-Noord en -Zuid d.d. 4 sept. 2013 Aanwezig namens Wijkplatform De heer J. (Johan) Zwakman (vztr.\/secr.) De heer G. (Gerard) Wessel (plv. vztr.) De heer N. (Nico) van Nijendaal Mevr. J. Kiekenbos-Meijns (IJm-Zuid) De heer F. (Fred) Tromp (IJm-Zuid) De heer P. (Piet) Schouten De heer A. (Adrie) van Riet De heer J. [&hellip;]<\/p>\n","protected":false},"author":5,"featured_media":0,"parent":0,"menu_order":0,"comment_status":"closed","ping_status":"closed","template":"","meta":{"_genesis_hide_title":false,"_genesis_hide_breadcrumbs":false,"_genesis_hide_singular_image":false,"_genesis_hide_footer_widgets":false,"_genesis_custom_body_class":"","_genesis_custom_post_class":"","_genesis_layout":"","footnotes":""},"class_list":{"0":"post-716","1":"page","2":"type-page","3":"status-publish","5":"entry","6":"override"},"_links":{"self":[{"href":"https:\/\/www.wijkplatformsvelsen.nl\/ijmuiden-noord\/wp-json\/wp\/v2\/pages\/716","targetHints":{"allow":["GET"]}}],"collection":[{"href":"https:\/\/www.wijkplatformsvelsen.nl\/ijmuiden-noord\/wp-json\/wp\/v2\/pages"}],"about":[{"href":"https:\/\/www.wijkplatformsvelsen.nl\/ijmuiden-noord\/wp-json\/wp\/v2\/types\/page"}],"author":[{"embeddable":true,"href":"https:\/\/www.wijkplatformsvelsen.nl\/ijmuiden-noord\/wp-json\/wp\/v2\/users\/5"}],"replies":[{"embeddable":true,"href":"https:\/\/www.wijkplatformsvelsen.nl\/ijmuiden-noord\/wp-json\/wp\/v2\/comments?post=716"}],"version-history":[{"count":0,"href":"https:\/\/www.wijkplatformsvelsen.nl\/ijmuiden-noord\/wp-json\/wp\/v2\/pages\/716\/revisions"}],"wp:attachment":[{"href":"https:\/\/www.wijkplatformsvelsen.nl\/ijmuiden-noord\/wp-json\/wp\/v2\/media?parent=716"}],"curies":[{"name":"wp","href":"https:\/\/api.w.org\/{rel}","templated":true}]}}